{"id":93,"date":"2022-11-28T13:55:41","date_gmt":"2022-11-28T13:55:41","guid":{"rendered":"https:\/\/urbisana.com\/?page_id=93"},"modified":"2022-12-22T11:53:46","modified_gmt":"2022-12-22T11:53:46","slug":"tiergestuetzte-therapie","status":"publish","type":"page","link":"https:\/\/urbisana.com\/?page_id=93","title":{"rendered":"Tiergest\u00fctzte Therapie"},"content":{"rendered":"\n<p>Der Hund hat sich neben den Delfinen und Pferden in der Therapie bew\u00e4hrt. <br>Er vermittelt Ruhe , wirkt motivierend und erleichtert den Kontaktaufbau zwischen Therapeut und Patient.<br>Das Wesen des Hundes und sein differenziertes Sozialverhalten machen ihn f\u00fcr uns Menschen zu einem wertvollen Lernpartner. Auf unsere K\u00f6rpersprache reagiert er authentisch, offen, ehrlich und zudem wertfrei.<\/p>\n\n\n\n<p>Seit vielen Jahren bieten wir in unserem Therapiezentrum die tiergest\u00fctzte Therapie an.<br>Unsere Hunde haben eine spezielle Ausbildung absolviert und reagieren nicht nur auf verbale Kommandos, sondern auch auf Zeichensprache, so dass auch Menschen mit sprachlichen Einschr\u00e4nkungen mit ihnen arbeiten k\u00f6nnen.<\/p>\n\n\n\n<p>Durch den Einsatz k\u00f6nnen daher auf besonders lebendige Weise die visuelle, auditive und taktile Wahrnehmung gef\u00f6rdert werden. Bei langwierigen und anstrengenden Therapien kommt der Hund zudem als Motivationsverst\u00e4rker zum Einsatz.<\/p>\n\n\n\n<figure class=\"is-layout-flex wp-block-gallery-1 wp-block-gallery has-nested-images columns-default is-cropped\">\n<figure class=\"wp-block-image size-large\"><img decoding=\"async\" loading=\"lazy\" width=\"576\" height=\"1024\" data-id=\"116\"  src=\"https:\/\/urbisana.com\/wp-content\/uploads\/2022\/11\/20220909_144547-576x1024.jpg\" alt=\"\" class=\"wp-image-116\" srcset=\"https:\/\/urbisana.com\/wp-content\/uploads\/2022\/11\/20220909_144547-576x1024.jpg 576w, https:\/\/urbisana.com\/wp-content\/uploads\/2022\/11\/20220909_144547-169x300.jpg 169w, https:\/\/urbisana.com\/wp-content\/uploads\/2022\/11\/20220909_144547-768x1365.jpg 768w, https:\/\/urbisana.com\/wp-content\/uploads\/2022\/11\/20220909_144547-864x1536.jpg 864w, https:\/\/urbisana.com\/wp-content\/uploads\/2022\/11\/20220909_144547-1152x2048.jpg 1152w, https:\/\/urbisana.com\/wp-content\/uploads\/2022\/11\/20220909_144547-scaled.jpg 1440w\" sizes=\"(max-width: 576px) 100vw, 576px\" \/><\/figure>\n\n\n\n<figure class=\"wp-block-image size-large\"><img decoding=\"async\" loading=\"lazy\" width=\"576\" height=\"1024\" data-id=\"115\"  src=\"https:\/\/urbisana.com\/wp-content\/uploads\/2022\/11\/20220909_142042-576x1024.jpg\" alt=\"\" class=\"wp-image-115\" srcset=\"https:\/\/urbisana.com\/wp-content\/uploads\/2022\/11\/20220909_142042-576x1024.jpg 576w, https:\/\/urbisana.com\/wp-content\/uploads\/2022\/11\/20220909_142042-169x300.jpg 169w, https:\/\/urbisana.com\/wp-content\/uploads\/2022\/11\/20220909_142042-768x1365.jpg 768w, https:\/\/urbisana.com\/wp-content\/uploads\/2022\/11\/20220909_142042-864x1536.jpg 864w, https:\/\/urbisana.com\/wp-content\/uploads\/2022\/11\/20220909_142042-1152x2048.jpg 1152w, https:\/\/urbisana.com\/wp-content\/uploads\/2022\/11\/20220909_142042-scaled.jpg 1440w\" sizes=\"(max-width: 576px) 100vw, 576px\" \/><\/figure>\n\n\n\n<figure class=\"wp-block-image size-large\"><img decoding=\"async\" loading=\"lazy\" width=\"576\" height=\"1024\" data-id=\"114\"  src=\"https:\/\/urbisana.com\/wp-content\/uploads\/2022\/11\/20220909_141644-576x1024.jpg\" alt=\"\" class=\"wp-image-114\" srcset=\"https:\/\/urbisana.com\/wp-content\/uploads\/2022\/11\/20220909_141644-576x1024.jpg 576w, https:\/\/urbisana.com\/wp-content\/uploads\/2022\/11\/20220909_141644-169x300.jpg 169w, https:\/\/urbisana.com\/wp-content\/uploads\/2022\/11\/20220909_141644-768x1365.jpg 768w, https:\/\/urbisana.com\/wp-content\/uploads\/2022\/11\/20220909_141644-864x1536.jpg 864w, https:\/\/urbisana.com\/wp-content\/uploads\/2022\/11\/20220909_141644-1152x2048.jpg 1152w, https:\/\/urbisana.com\/wp-content\/uploads\/2022\/11\/20220909_141644-scaled.jpg 1440w\" sizes=\"(max-width: 576px) 100vw, 576px\" \/><\/figure>\n\n\n\n<figure class=\"wp-block-image size-large\"><img decoding=\"async\" loading=\"lazy\" width=\"576\" height=\"1024\" data-id=\"113\"  src=\"https:\/\/urbisana.com\/wp-content\/uploads\/2022\/11\/20220901_153918-576x1024.jpg\" alt=\"\" class=\"wp-image-113\" srcset=\"https:\/\/urbisana.com\/wp-content\/uploads\/2022\/11\/20220901_153918-576x1024.jpg 576w, https:\/\/urbisana.com\/wp-content\/uploads\/2022\/11\/20220901_153918-169x300.jpg 169w, https:\/\/urbisana.com\/wp-content\/uploads\/2022\/11\/20220901_153918-768x1365.jpg 768w, https:\/\/urbisana.com\/wp-content\/uploads\/2022\/11\/20220901_153918-864x1536.jpg 864w, https:\/\/urbisana.com\/wp-content\/uploads\/2022\/11\/20220901_153918-1152x2048.jpg 1152w, https:\/\/urbisana.com\/wp-content\/uploads\/2022\/11\/20220901_153918-scaled.jpg 1440w\" sizes=\"(max-width: 576px) 100vw, 576px\" \/><\/figure>\n\n\n\n<figure class=\"wp-block-image size-large\"><img decoding=\"async\" loading=\"lazy\" width=\"576\" height=\"1024\" data-id=\"112\"  src=\"https:\/\/urbisana.com\/wp-content\/uploads\/2022\/11\/20220818_152829-576x1024.jpg\" alt=\"\" class=\"wp-image-112\" srcset=\"https:\/\/urbisana.com\/wp-content\/uploads\/2022\/11\/20220818_152829-576x1024.jpg 576w, https:\/\/urbisana.com\/wp-content\/uploads\/2022\/11\/20220818_152829-169x300.jpg 169w, https:\/\/urbisana.com\/wp-content\/uploads\/2022\/11\/20220818_152829-768x1365.jpg 768w, https:\/\/urbisana.com\/wp-content\/uploads\/2022\/11\/20220818_152829-864x1536.jpg 864w, https:\/\/urbisana.com\/wp-content\/uploads\/2022\/11\/20220818_152829-1152x2048.jpg 1152w, https:\/\/urbisana.com\/wp-content\/uploads\/2022\/11\/20220818_152829-scaled.jpg 1440w\" sizes=\"(max-width: 576px) 100vw, 576px\" \/><\/figure>\n\n\n\n<figure class=\"wp-block-image size-large\"><img decoding=\"async\" loading=\"lazy\" width=\"576\" height=\"1024\" data-id=\"111\"  src=\"https:\/\/urbisana.com\/wp-content\/uploads\/2022\/11\/20220818_152201-576x1024.jpg\" alt=\"\" class=\"wp-image-111\" srcset=\"https:\/\/urbisana.com\/wp-content\/uploads\/2022\/11\/20220818_152201-576x1024.jpg 576w, https:\/\/urbisana.com\/wp-content\/uploads\/2022\/11\/20220818_152201-169x300.jpg 169w, https:\/\/urbisana.com\/wp-content\/uploads\/2022\/11\/20220818_152201-768x1365.jpg 768w, https:\/\/urbisana.com\/wp-content\/uploads\/2022\/11\/20220818_152201-864x1536.jpg 864w, https:\/\/urbisana.com\/wp-content\/uploads\/2022\/11\/20220818_152201-1152x2048.jpg 1152w, https:\/\/urbisana.com\/wp-content\/uploads\/2022\/11\/20220818_152201-scaled.jpg 1440w\" sizes=\"(max-width: 576px) 100vw, 576px\" \/><\/figure>\n\n\n\n<figure class=\"wp-block-image size-large\"><img decoding=\"async\" loading=\"lazy\" width=\"576\" height=\"1024\" data-id=\"110\"  src=\"https:\/\/urbisana.com\/wp-content\/uploads\/2022\/11\/20220818_152025-576x1024.jpg\" alt=\"\" class=\"wp-image-110\" srcset=\"https:\/\/urbisana.com\/wp-content\/uploads\/2022\/11\/20220818_152025-576x1024.jpg 576w, https:\/\/urbisana.com\/wp-content\/uploads\/2022\/11\/20220818_152025-169x300.jpg 169w, https:\/\/urbisana.com\/wp-content\/uploads\/2022\/11\/20220818_152025-768x1365.jpg 768w, https:\/\/urbisana.com\/wp-content\/uploads\/2022\/11\/20220818_152025-864x1536.jpg 864w, https:\/\/urbisana.com\/wp-content\/uploads\/2022\/11\/20220818_152025-1152x2048.jpg 1152w, https:\/\/urbisana.com\/wp-content\/uploads\/2022\/11\/20220818_152025-scaled.jpg 1440w\" sizes=\"(max-width: 576px) 100vw, 576px\" \/><\/figure>\n\n\n\n<figure class=\"wp-block-image size-large\"><img decoding=\"async\" loading=\"lazy\" width=\"576\" height=\"1024\" data-id=\"109\"  src=\"https:\/\/urbisana.com\/wp-content\/uploads\/2022\/11\/20220818_151646-576x1024.jpg\" alt=\"\" class=\"wp-image-109\" srcset=\"https:\/\/urbisana.com\/wp-content\/uploads\/2022\/11\/20220818_151646-576x1024.jpg 576w, https:\/\/urbisana.com\/wp-content\/uploads\/2022\/11\/20220818_151646-169x300.jpg 169w, https:\/\/urbisana.com\/wp-content\/uploads\/2022\/11\/20220818_151646-768x1365.jpg 768w, https:\/\/urbisana.com\/wp-content\/uploads\/2022\/11\/20220818_151646-864x1536.jpg 864w, https:\/\/urbisana.com\/wp-content\/uploads\/2022\/11\/20220818_151646-1152x2048.jpg 1152w, https:\/\/urbisana.com\/wp-content\/uploads\/2022\/11\/20220818_151646-scaled.jpg 1440w\" sizes=\"(max-width: 576px) 100vw, 576px\" \/><\/figure>\n\n\n\n<figure class=\"wp-block-image size-large\"><img decoding=\"async\" loading=\"lazy\" width=\"576\" height=\"1024\" data-id=\"108\"  src=\"https:\/\/urbisana.com\/wp-content\/uploads\/2022\/11\/20220818_151028-576x1024.jpg\" alt=\"\" class=\"wp-image-108\" srcset=\"https:\/\/urbisana.com\/wp-content\/uploads\/2022\/11\/20220818_151028-576x1024.jpg 576w, https:\/\/urbisana.com\/wp-content\/uploads\/2022\/11\/20220818_151028-169x300.jpg 169w, https:\/\/urbisana.com\/wp-content\/uploads\/2022\/11\/20220818_151028-768x1365.jpg 768w, https:\/\/urbisana.com\/wp-content\/uploads\/2022\/11\/20220818_151028-864x1536.jpg 864w, https:\/\/urbisana.com\/wp-content\/uploads\/2022\/11\/20220818_151028-1152x2048.jpg 1152w, https:\/\/urbisana.com\/wp-content\/uploads\/2022\/11\/20220818_151028-scaled.jpg 1440w\" sizes=\"(max-width: 576px) 100vw, 576px\" \/><\/figure>\n<\/figure>\n","protected":false},"excerpt":{"rendered":"<p>Der Hund hat sich neben den Delfinen und Pferden in der Therapie bew\u00e4hrt. Er vermittelt Ruhe , wirkt motivierend und erleichtert den Kontaktaufbau zwischen Therapeut und Patient.Das Wesen des Hundes und sein differenziertes Sozialverhalten machen ihn f\u00fcr uns Menschen zu einem wertvollen Lernpartner. Auf unsere K\u00f6rpersprache reagiert er authentisch, offen, ehrlich und zudem wertfrei. Seit &hellip; <\/p>\n<p class=\"link-more\"><a href=\"https:\/\/urbisana.com\/?page_id=93\" class=\"more-link\"><span class=\"screen-reader-text\">\u201eTiergest\u00fctzte Therapie\u201c<\/span> weiterlesen<\/a><\/p>\n","protected":false},"author":1,"featured_media":0,"parent":0,"menu_order":0,"comment_status":"closed","ping_status":"closed","template":"","meta":[],"_links":{"self":[{"href":"https:\/\/urbisana.com\/index.php?rest_route=\/wp\/v2\/pages\/93"}],"collection":[{"href":"https:\/\/urbisana.com\/index.php?rest_route=\/wp\/v2\/pages"}],"about":[{"href":"https:\/\/urbisana.com\/index.php?rest_route=\/wp\/v2\/types\/page"}],"author":[{"embeddable":true,"href":"https:\/\/urbisana.com\/index.php?rest_route=\/wp\/v2\/users\/1"}],"replies":[{"embeddable":true,"href":"https:\/\/urbisana.com\/index.php?rest_route=%2Fwp%2Fv2%2Fcomments&post=93"}],"version-history":[{"count":3,"href":"https:\/\/urbisana.com\/index.php?rest_route=\/wp\/v2\/pages\/93\/revisions"}],"predecessor-version":[{"id":200,"href":"https:\/\/urbisana.com\/index.php?rest_route=\/wp\/v2\/pages\/93\/revisions\/200"}],"wp:attachment":[{"href":"https:\/\/urbisana.com\/index.php?rest_route=%2Fwp%2Fv2%2Fmedia&parent=93"}],"curies":[{"name":"wp","href":"https:\/\/api.w.org\/{rel}","templated":true}]}}