{"id":81,"date":"2022-11-28T10:55:41","date_gmt":"2022-11-28T10:55:41","guid":{"rendered":"https:\/\/urbisana.com\/?page_id=81"},"modified":"2022-12-22T11:55:25","modified_gmt":"2022-12-22T11:55:25","slug":"ergotherapie","status":"publish","type":"page","link":"https:\/\/urbisana.com\/?page_id=81","title":{"rendered":"Ergotherapie"},"content":{"rendered":"\n<p>Ergotherapie richtet sich an Menschen, die in ihrer Selbstst\u00e4ndigkeit eingeschr\u00e4nkt sind.<br>Ursachen daf\u00fcr k\u00f6nnen beispielsweise Krankheiten, Unf\u00e4lle oder angeborene Behinderungen bzw. St\u00f6rungen sein.<br><br>Ziel der Ergotherapie ist es, diese Menschen in den Bereichen Selbstversorgung, Produktivit\u00e4t und Freizeit in ihrer pers\u00f6nlichen Umwelt zu st\u00e4rken.<br>Mit einer auf die Bed\u00fcrfnisse des Patienten abgestimmten Behandlung wird dem Menschen die Handlungsf\u00e4higkeit im Alltag, gesellschaftliche Teilhabe und eine Verbesserung der Lebensqualit\u00e4t erm\u00f6glicht.<br><br>Die Ergotherapie wird in die Fachbereiche P\u00e4diatrie, Neurologie, Orthop\u00e4die, Geriatrie und Psychatrie  unterteilt.<br><br>Neben der Therapie f\u00fcr Erwachsene sind unsere Therapeuten auch auf die Arbeit mit Kindern spezialisiert. Bei Konzentrationsst\u00f6rungen, Entwicklungsverz\u00f6gerungen und motorischen St\u00f6rungen bieten wir gerne unsere Unterst\u00fctzung an.<br><br>Unsere Leistungen im \u00dcberblick:<br>&#8211; Sensomotorisch- perzeptive Behandlung<br>&#8211; Motorisch- funktionelle Behandlung<br>&#8211; Psychisch- funktionelle Behandlung<br>&#8211; Hirnleistungstraining<br>&#8211; W\u00e4rmetherapien (Fango, Heissluft, Paraffin)<br>&#8211; Hausbesuche<\/p>\n","protected":false},"excerpt":{"rendered":"<p>Ergotherapie richtet sich an Menschen, die in ihrer Selbstst\u00e4ndigkeit eingeschr\u00e4nkt sind.Ursachen daf\u00fcr k\u00f6nnen beispielsweise Krankheiten, Unf\u00e4lle oder angeborene Behinderungen bzw. St\u00f6rungen sein. Ziel der Ergotherapie ist es, diese Menschen in den Bereichen Selbstversorgung, Produktivit\u00e4t und Freizeit in ihrer pers\u00f6nlichen Umwelt zu st\u00e4rken.Mit einer auf die Bed\u00fcrfnisse des Patienten abgestimmten Behandlung wird dem Menschen die Handlungsf\u00e4higkeit &hellip; <\/p>\n<p class=\"link-more\"><a href=\"https:\/\/urbisana.com\/?page_id=81\" class=\"more-link\"><span class=\"screen-reader-text\">\u201eErgotherapie\u201c<\/span> weiterlesen<\/a><\/p>\n","protected":false},"author":1,"featured_media":0,"parent":0,"menu_order":0,"comment_status":"closed","ping_status":"closed","template":"","meta":[],"_links":{"self":[{"href":"https:\/\/urbisana.com\/index.php?rest_route=\/wp\/v2\/pages\/81"}],"collection":[{"href":"https:\/\/urbisana.com\/index.php?rest_route=\/wp\/v2\/pages"}],"about":[{"href":"https:\/\/urbisana.com\/index.php?rest_route=\/wp\/v2\/types\/page"}],"author":[{"embeddable":true,"href":"https:\/\/urbisana.com\/index.php?rest_route=\/wp\/v2\/users\/1"}],"replies":[{"embeddable":true,"href":"https:\/\/urbisana.com\/index.php?rest_route=%2Fwp%2Fv2%2Fcomments&post=81"}],"version-history":[{"count":6,"href":"https:\/\/urbisana.com\/index.php?rest_route=\/wp\/v2\/pages\/81\/revisions"}],"predecessor-version":[{"id":203,"href":"https:\/\/urbisana.com\/index.php?rest_route=\/wp\/v2\/pages\/81\/revisions\/203"}],"wp:attachment":[{"href":"https:\/\/urbisana.com\/index.php?rest_route=%2Fwp%2Fv2%2Fmedia&parent=81"}],"curies":[{"name":"wp","href":"https:\/\/api.w.org\/{rel}","templated":true}]}}