{"id":8,"date":"2022-11-17T00:54:49","date_gmt":"2022-11-17T00:54:49","guid":{"rendered":"https:\/\/urbisana.com\/?page_id=8"},"modified":"2022-11-28T09:45:11","modified_gmt":"2022-11-28T09:45:11","slug":"startseite","status":"publish","type":"page","link":"https:\/\/urbisana.com\/?page_id=8","title":{"rendered":"\u00dcber uns"},"content":{"rendered":"\n<p>Wir sind ein engagiertes Team von Ergotherapeuten und Physiotherapeuten mit unterschiedlichen Behandlungsschwerpunkten, die f\u00fcr den Patienten die jeweils optimale Therapie anbieten.<\/p>\n\n\n\n<p>Als interdisziplin\u00e4re Gemeinschaft stehen wir f\u00fcr eine ganzheitliche Betreuung und stellen uns der Herausforderung, qualitativ hochwertige Behandlungen zu leisten, die rasch zum Erfolg f\u00fchren. Dies gew\u00e4hrleisten wir durch intensive interne und externe Schulungen, regelm\u00e4\u00dfige Teamsitzungen und unser Pr\u00e4ventionsangebot.<\/p>\n\n\n\n<p>Die tiergest\u00fctzte Therapie rundet das breitgef\u00e4cherte Angebot ab. Neben Delphinen und Pferden hat sich auch der Hund in der Therapie bew\u00e4hrt.<\/p>\n\n\n\n<p>Auch Sprachbarrieren werden im Therapiezentrum Urbisana spielend genommen. Wir besch\u00e4ftigen unter anderem t\u00fcrkische Mitarbeiterinnen, die Ihnen bei Fragen und Verst\u00e4ndigungsproblemen gern zur Verf\u00fcgung stehen.<\/p>\n","protected":false},"excerpt":{"rendered":"<p>Wir sind ein engagiertes Team von Ergotherapeuten und Physiotherapeuten mit unterschiedlichen Behandlungsschwerpunkten, die f\u00fcr den Patienten die jeweils optimale Therapie anbieten. Als interdisziplin\u00e4re Gemeinschaft stehen wir f\u00fcr eine ganzheitliche Betreuung und stellen uns der Herausforderung, qualitativ hochwertige Behandlungen zu leisten, die rasch zum Erfolg f\u00fchren. Dies gew\u00e4hrleisten wir durch intensive interne und externe Schulungen, regelm\u00e4\u00dfige &hellip; <\/p>\n<p class=\"link-more\"><a href=\"https:\/\/urbisana.com\/?page_id=8\" class=\"more-link\"><span class=\"screen-reader-text\">\u201e\u00dcber uns\u201c<\/span> weiterlesen<\/a><\/p>\n","protected":false},"author":1,"featured_media":0,"parent":0,"menu_order":0,"comment_status":"closed","ping_status":"closed","template":"","meta":[],"_links":{"self":[{"href":"https:\/\/urbisana.com\/index.php?rest_route=\/wp\/v2\/pages\/8"}],"collection":[{"href":"https:\/\/urbisana.com\/index.php?rest_route=\/wp\/v2\/pages"}],"about":[{"href":"https:\/\/urbisana.com\/index.php?rest_route=\/wp\/v2\/types\/page"}],"author":[{"embeddable":true,"href":"https:\/\/urbisana.com\/index.php?rest_route=\/wp\/v2\/users\/1"}],"replies":[{"embeddable":true,"href":"https:\/\/urbisana.com\/index.php?rest_route=%2Fwp%2Fv2%2Fcomments&post=8"}],"version-history":[{"count":4,"href":"https:\/\/urbisana.com\/index.php?rest_route=\/wp\/v2\/pages\/8\/revisions"}],"predecessor-version":[{"id":69,"href":"https:\/\/urbisana.com\/index.php?rest_route=\/wp\/v2\/pages\/8\/revisions\/69"}],"wp:attachment":[{"href":"https:\/\/urbisana.com\/index.php?rest_route=%2Fwp%2Fv2%2Fmedia&parent=8"}],"curies":[{"name":"wp","href":"https:\/\/api.w.org\/{rel}","templated":true}]}}