{"id":73,"date":"2022-11-28T09:51:48","date_gmt":"2022-11-28T09:51:48","guid":{"rendered":"https:\/\/urbisana.com\/?page_id=73"},"modified":"2022-11-30T09:38:54","modified_gmt":"2022-11-30T09:38:54","slug":"physiotherapie","status":"publish","type":"page","link":"https:\/\/urbisana.com\/?page_id=73","title":{"rendered":"Physiotherapie"},"content":{"rendered":"\n<p>Die Physiotherapie hat das Ziel, die Bewegungs- und Funktionsf\u00e4higkeit des K\u00f6rpers zu erhalten oder wiederherzustellen.<br>Sie richtet sich an Menschen mit neurologischen, chirurgischen oder orthop\u00e4dischen Erkrankungen.<br><br>Die bekanntesten Formen der Physiotherapie sind die Krankengymnastik und die klassische Massage.  W\u00e4rmebehandlungen bieten wir in Form von Fango oder Heissluft erg\u00e4nzend an.<br><br>Ein weiterer Bestandteil der Physiotherapie ist die manuelle Lymphdrainage. Sie dient unter anderem als \u00d6dem- und Entstauungstherapie geschwollener K\u00f6rperregionen.<br><br>Unsere Leistungen im \u00dcberblick:<br><br>&#8211; Krankengymnastik<br>&#8211; Massagen<br>&#8211; Manuelle Lymphdrainage<br>&#8211; W\u00e4rmetherapie (Fango oder Hei\u00dfluft)<br>&#8211; Kinesio-Taping<br>&#8211; R\u00fcckenschule<br>&#8211; Gangschule<br>&#8211; Hausbesuche<br><br><br><\/p>\n","protected":false},"excerpt":{"rendered":"<p>Die Physiotherapie hat das Ziel, die Bewegungs- und Funktionsf\u00e4higkeit des K\u00f6rpers zu erhalten oder wiederherzustellen.Sie richtet sich an Menschen mit neurologischen, chirurgischen oder orthop\u00e4dischen Erkrankungen. Die bekanntesten Formen der Physiotherapie sind die Krankengymnastik und die klassische Massage. W\u00e4rmebehandlungen bieten wir in Form von Fango oder Heissluft erg\u00e4nzend an. Ein weiterer Bestandteil der Physiotherapie ist die &hellip; <\/p>\n<p class=\"link-more\"><a href=\"https:\/\/urbisana.com\/?page_id=73\" class=\"more-link\"><span class=\"screen-reader-text\">\u201ePhysiotherapie\u201c<\/span> weiterlesen<\/a><\/p>\n","protected":false},"author":1,"featured_media":0,"parent":0,"menu_order":0,"comment_status":"closed","ping_status":"closed","template":"","meta":[],"_links":{"self":[{"href":"https:\/\/urbisana.com\/index.php?rest_route=\/wp\/v2\/pages\/73"}],"collection":[{"href":"https:\/\/urbisana.com\/index.php?rest_route=\/wp\/v2\/pages"}],"about":[{"href":"https:\/\/urbisana.com\/index.php?rest_route=\/wp\/v2\/types\/page"}],"author":[{"embeddable":true,"href":"https:\/\/urbisana.com\/index.php?rest_route=\/wp\/v2\/users\/1"}],"replies":[{"embeddable":true,"href":"https:\/\/urbisana.com\/index.php?rest_route=%2Fwp%2Fv2%2Fcomments&post=73"}],"version-history":[{"count":4,"href":"https:\/\/urbisana.com\/index.php?rest_route=\/wp\/v2\/pages\/73\/revisions"}],"predecessor-version":[{"id":131,"href":"https:\/\/urbisana.com\/index.php?rest_route=\/wp\/v2\/pages\/73\/revisions\/131"}],"wp:attachment":[{"href":"https:\/\/urbisana.com\/index.php?rest_route=%2Fwp%2Fv2%2Fmedia&parent=73"}],"curies":[{"name":"wp","href":"https:\/\/api.w.org\/{rel}","templated":true}]}}