{"id":164,"date":"2022-12-02T10:47:39","date_gmt":"2022-12-02T10:47:39","guid":{"rendered":"https:\/\/urbisana.com\/?page_id=164"},"modified":"2022-12-02T12:13:18","modified_gmt":"2022-12-02T12:13:18","slug":"angebote","status":"publish","type":"page","link":"https:\/\/urbisana.com\/?page_id=164","title":{"rendered":"Angebote"},"content":{"rendered":"\n<p><strong><u>Klassische Massage ( 20 Min. )<\/u> <\/strong><br>Ideal zum Lockern der Muskulatur bei Verspannungen<\/p>\n\n\n\n<p><strong><u>Ganzk\u00f6rpermassage ( 45 Min. )<\/u>\u00a0\u00a0\u00a0\u00a0\u00a0\u00a0\u00a0\u00a0\u00a0\u00a0\u00a0\u00a0\u00a0\u00a0\u00a0\u00a0\u00a0\u00a0\u00a0\u00a0\u00a0\u00a0\u00a0\u00a0\u00a0\u00a0\u00a0\u00a0\u00a0\u00a0\u00a0\u00a0\u00a0\u00a0\u00a0\u00a0\u00a0\u00a0\u00a0\u00a0\u00a0\u00a0\u00a0\u00a0\u00a0\u00a0\u00a0\u00a0\u00a0\u00a0\u00a0\u00a0\u00a0\u00a0\u00a0\u00a0\u00a0\u00a0\u00a0\u00a0\u00a0\u00a0\u00a0\u00a0\u00a0\u00a0\u00a0\u00a0\u00a0\u00a0\u00a0\u00a0\u00a0\u00a0\u00a0 \u00a0\u00a0\u00a0\u00a0\u00a0\u00a0\u00a0\u00a0\u00a0\u00a0\u00a0 <\/strong><br>Die klassische und wohltuende Ganzk\u00f6rpermassage l\u00f6st Blockaden, <br>spendet Energie, gute Laune und l\u00e4sst nebenbei, durch die <br>Anregung der Durchblutung, die Haut sch\u00f6ner werden.<\/p>\n\n\n\n<p><strong><u>W\u00e4rme ( Fango oder Hei\u00dfluft )\u00a0 + Massage ( 20 Min. )<\/u>\u00a0<\/strong><br>Die w\u00e4rmende Moorpackung entfaltet ihre entspannende Wirkung<br>bis in tiefliegende Muskelschichten.<\/p>\n\n\n\n<p><strong><u>Hei\u00dfe Rolle + Massage ( 20 Min. )<\/u>\u00a0\u00a0<\/strong><br>Die Hei\u00dfe Rolle bietet die M\u00f6glichkeit der gezielten W\u00e4rmeapplikation <br>mit gleichzeitigen Massageeffekten, wobei es durch die W\u00e4rme<br>und den Druck der Anwendung zu einer deutlichen Mehrdurchblutung <br>an den behandelten K\u00f6rperstellen kommt.<\/p>\n\n\n\n<p><strong><u>Aromamassagen mit anregenden Massage\u00f6len ( 20 Min.)<\/u>\u00a0<\/strong><br>Gesundheit und Wohlbefinden durch pflanzliche Essenzen<\/p>\n\n\n\n<p><strong><u>Massage nach Breu\u00df ( 20 Min. )<\/u>\u00a0\u00a0\u00a0\u00a0<\/strong><br>Die Breu\u00dfmassage richtet sich an Menschen mit R\u00fcckenproblemen. <br>Die Massage nach Breu\u00df ist eine energetische Massage unter <br>Ber\u00fccksichtigung der Kan\u00e4le in denen die Lebensenergie flie\u00dft.<strong>\u00a0\u00a0\u00a0\u00a0\u00a0\u00a0\u00a0\u00a0\u00a0\u00a0\u00a0\u00a0\u00a0\u00a0\u00a0\u00a0\u00a0\u00a0\u00a0\u00a0\u00a0\u00a0\u00a0\u00a0\u00a0<\/strong><\/p>\n\n\n\n<p><strong><u>Kinesiotaping je nach Gr\u00f6\u00dfe des Tapes<\/u>\u00a0\u00a0<\/strong><br>Den Schmerz verringern, die Beweglichkeit verbessern. <br>Das ist das Ziel des Kinesiotapings.<br>Die Informationsweiterleitung erfolgt vom Tape \u00fcber die<br>Haut in Form von schmerzlindernden Impulsen. <br>Die positiven Informationen des Tapes aktivieren die <br>Heilungskr\u00e4fte im K\u00f6rper.<\/p>\n\n\n\n<p><strong><u>Fu\u00df &#8211; Handreflexzonenmassage ( 45 Min. <\/u><\/strong>)\u00a0\u00a0\u00a0\u00a0\u00a0<br>Durch die\u00a0Massage der Fu\u00df- Handreflexzonen wird der <br>gesamte K\u00f6rper erreicht. Die Selbstheilungskr\u00e4fte werden <br>aktiviert und die Energiebahnen harmonisiert.<\/p>\n\n\n\n<p><strong><u>Fu\u00df &#8211; Beinmassage ( 20 Min. )<\/u>\u00a0\u00a0\u00a0\u00a0\u00a0\u00a0\u00a0\u00a0\u00a0\u00a0\u00a0\u00a0\u00a0\u00a0\u00a0\u00a0\u00a0\u00a0\u00a0\u00a0\u00a0\u00a0\u00a0\u00a0\u00a0\u00a0\u00a0\u00a0\u00a0\u00a0\u00a0\u00a0\u00a0\u00a0\u00a0\u00a0\u00a0\u00a0\u00a0\u00a0\u00a0\u00a0\u00a0\u00a0\u00a0\u00a0\u00a0\u00a0\u00a0\u00a0\u00a0\u00a0\u00a0\u00a0\u00a0\u00a0\u00a0\u00a0\u00a0\u00a0\u00a0\u00a0\u00a0\u00a0\u00a0\u00a0\u00a0\u00a0\u00a0\u00a0\u00a0\u00a0\u00a0\u00a0\u00a0\u00a0\u00a0\u00a0 \u00a0\u00a0\u00a0\u00a0\u00a0\u00a0\u00a0\u00a0\u00a0\u00a0\u00a0 <\/strong><br>Nicht nur f\u00fcr Sportler ist diese spezielle Massage eine Wohltat.<\/p>\n\n\n\n<p><strong><u>Hot-Stone Massage ( 30 Min. )<br><\/u><\/strong>Diese Massage wird mit erw\u00e4rmten Steinen und pflegendem <br>\u00d6l durchgef\u00fchrt. Dies f\u00fchrt zu einer tiefen Entspannung <br>der Muskulatur.<\/p>\n\n\n\n<p><strong><u>Lymphdrainage zur Entschlackung (  30 Min. oder 45 Min. <\/u><\/strong>)<br>Die manuelle Lymphdrainage wirkt entstauend, entgiftend, <br>regenerationsf\u00f6rdernd\u00a0und zugleich beruhigend.<\/p>\n\n\n\n<p><strong><u>Lymphdrainage f\u00fcr Gesicht und Dekollete ( 30 Min. )<\/u><\/strong>\u00a0<br>Zu empfehlen bei: Tr\u00e4nens\u00e4cken, m\u00fcden Augen, m\u00fcder und schlaffer Haut<\/p>\n\n\n\n<p><strong><u>Therapie nach Dorn ( 60 Min. )<\/u>\u00a0<\/strong><br>Viele R\u00fcckenprobleme \/ Schmerzen sind auf Fehlstellungen <br>der Wirbels\u00e4ule und der Gelenke zur\u00fcckzuf\u00fchren. <br>Bei einer Behandlung nach der Dorn-Methode wird die Stellung <br>des Beckens, des Kreuzbeins und der Wirbel \u00fcberpr\u00fcft und evtl. <br>sanft korrigiert. <br>Diese Form der Behandlung l\u00e4sst ihre Energie wieder flie\u00dfen<\/p>\n\n\n\n<p><strong><u>Kopf &#8211; Gesichtsmassage mit Maske ( 30 Min.)<\/u><\/strong> <br>Die Kopf- und Gesichtsmassage ist eine angenehme und\u00a0<br>erholsame\u00a0Wohlf\u00fchlmassage<\/p>\n\n\n\n<p><strong><u>Handmassage + Paraffinbehandlung<\/u> ( 30 Min. )\u00a0\u00a0\u00a0\u00a0\u00a0\u00a0\u00a0\u00a0\u00a0\u00a0\u00a0 <\/strong><br>Eine Handmassage regt die Durchblutung an und schafft <br>Wohlbefinden und\u00a0Entspannung.\u00a0<br>Das Paraffinbad pflegt, verw\u00f6hnt, beruhigt die Haut <br>und spendet\u00a0Feuchtigkeit. <br>Die W\u00e4rme des Bades geht tief in die Haut und mildert <br>Knochen- und Gelenkschmerzen. Paraffinbehandlungen und <br>Aromatherapien werden auch im\u00a0medizinischen Bereich eingesetzt, <br>um den Schmerz bei verschiedenen Gelenks- und Muskelerkrankungen <br>zu lindern.\u00a0\u00a0\u00a0\u00a0\u00a0\u00a0<\/p>\n","protected":false},"excerpt":{"rendered":"<p>Klassische Massage ( 20 Min. ) Ideal zum Lockern der Muskulatur bei Verspannungen Ganzk\u00f6rpermassage ( 45 Min. )\u00a0\u00a0\u00a0\u00a0\u00a0\u00a0\u00a0\u00a0\u00a0\u00a0\u00a0\u00a0\u00a0\u00a0\u00a0\u00a0\u00a0\u00a0\u00a0\u00a0\u00a0\u00a0\u00a0\u00a0\u00a0\u00a0\u00a0\u00a0\u00a0\u00a0\u00a0\u00a0\u00a0\u00a0\u00a0\u00a0\u00a0\u00a0\u00a0\u00a0\u00a0\u00a0\u00a0\u00a0\u00a0\u00a0\u00a0\u00a0\u00a0\u00a0\u00a0\u00a0\u00a0\u00a0\u00a0\u00a0\u00a0\u00a0\u00a0\u00a0\u00a0\u00a0\u00a0\u00a0\u00a0\u00a0\u00a0\u00a0\u00a0\u00a0\u00a0\u00a0\u00a0\u00a0\u00a0 \u00a0\u00a0\u00a0\u00a0\u00a0\u00a0\u00a0\u00a0\u00a0\u00a0\u00a0 Die klassische und wohltuende Ganzk\u00f6rpermassage l\u00f6st Blockaden, spendet Energie, gute Laune und l\u00e4sst nebenbei, durch die Anregung der Durchblutung, die Haut sch\u00f6ner werden. W\u00e4rme ( Fango oder Hei\u00dfluft )\u00a0 + Massage ( 20 Min. )\u00a0Die w\u00e4rmende &hellip; <\/p>\n<p class=\"link-more\"><a href=\"https:\/\/urbisana.com\/?page_id=164\" class=\"more-link\"><span class=\"screen-reader-text\">\u201eAngebote\u201c<\/span> weiterlesen<\/a><\/p>\n","protected":false},"author":1,"featured_media":0,"parent":0,"menu_order":0,"comment_status":"closed","ping_status":"closed","template":"","meta":[],"_links":{"self":[{"href":"https:\/\/urbisana.com\/index.php?rest_route=\/wp\/v2\/pages\/164"}],"collection":[{"href":"https:\/\/urbisana.com\/index.php?rest_route=\/wp\/v2\/pages"}],"about":[{"href":"https:\/\/urbisana.com\/index.php?rest_route=\/wp\/v2\/types\/page"}],"author":[{"embeddable":true,"href":"https:\/\/urbisana.com\/index.php?rest_route=\/wp\/v2\/users\/1"}],"replies":[{"embeddable":true,"href":"https:\/\/urbisana.com\/index.php?rest_route=%2Fwp%2Fv2%2Fcomments&post=164"}],"version-history":[{"count":20,"href":"https:\/\/urbisana.com\/index.php?rest_route=\/wp\/v2\/pages\/164\/revisions"}],"predecessor-version":[{"id":194,"href":"https:\/\/urbisana.com\/index.php?rest_route=\/wp\/v2\/pages\/164\/revisions\/194"}],"wp:attachment":[{"href":"https:\/\/urbisana.com\/index.php?rest_route=%2Fwp%2Fv2%2Fmedia&parent=164"}],"curies":[{"name":"wp","href":"https:\/\/api.w.org\/{rel}","templated":true}]}}